{"id":57,"date":"2017-09-06T14:52:36","date_gmt":"2017-09-06T12:52:36","guid":{"rendered":"https:\/\/ferien-berguen.ch\/?page_id=57"},"modified":"2017-09-11T19:14:38","modified_gmt":"2017-09-11T17:14:38","slug":"ort-umgebung","status":"publish","type":"page","link":"https:\/\/ferien-berguen.ch\/index.php\/ort-umgebung\/","title":{"rendered":"Ort &#038; Umgebung"},"content":{"rendered":"<h2>Ski fahren direkt vor der T\u00fcr<\/h2>\n<p>Die Langlaufloipe liegt quasi vor der T\u00fcr, der Hausberg <strong>Piz Ela<\/strong> ist fu\u00dfl\u00e4ufig in wenigen Minuten zu erreichen. Oder Sie nehmen die rh\u00e4tische Bahn: Zehn Minuten gehen Sie zum Bahnhof, in 20 Minuten sind Sie in den riesigen Skigebieten von Davos oder Sankt Moritz.<\/p>\n<p>Wenn Sie Ihren Urlaub in Berg\u00fcn verbringen, k\u00f6nnen Sie <strong>im Winter<\/strong>\u00a0Ski fahren (Langlauf oder Abfahrt), snowboarden, wandern gehen, oder auf der im Nachbarort Alvaneu Bad auf der <a href=\"http:\/\/www.berguen-filisur.ch\/\"><strong>Natureisbahn<\/strong><\/a> Schlittschuh laufen. Besonderes Hightlight: Auf einer der l\u00e4ngsten Schlittelbahnen Europas k\u00f6nnen Sie in Berg\u00fcn nicht nur tags\u00fcber, sondern auch nachts (!)<strong> rodeln.<\/strong><\/p>\n<h2>Wandern in Berg\u00fcn \u2026 vorm Haus gehts los<\/h2>\n<p>Mitten im Herzen vom schweizerischen Kanton Graub\u00fcnden liegt Berg\u00fcn (Bravuogn) in einem Naturparadies. Skifahrer und Wanderer, Familien und Individualisten, Naturfreunde und Technikfreaks \u2013 eine Menge verschiedener Leute finden hier ihr Feriengl\u00fcck.<\/p>\n<p>Hauptkennzeichen dieses wundersch\u00f6nen, fast noch verschlafenen Dorfes mitten im Albulatal: Natur, Natur und nochmals Natur. Sie ist es, die die Region zu etwas ganz Einzigartigem macht. Auf Heidiwiesen bl\u00fchen Orchideen, Lilien, Glockenblumen, Krokusse, Enziane oder Edelwei\u00dfe noch friedlich nebeneinander. Die Bauern werden subventioniert, damit diese Artenvielfalt erhalten bleibt. Im Sp\u00e4tsommer oder fr\u00fchen Herbst k\u00f6nnen Sie den Bauern bei der Arbeit mit der Sense zusehen. Anders sind die an steilen Abh\u00e4ngen gelegenen Alpwiesen nicht zu bewirtschaften.<\/p>\n<p>Einzigartig ist auch, dass sich in der Umgebung von Berg\u00fcn zahlreiche verschiedene Gesteinsuntergr\u00fcnde auf engstem Raum beieinander finden. Durch die inhomogenen Struktur des Bodens gibt es eine enorme Pflanzenviefalt, die nicht nur Experten einfach gl\u00fccklich macht. Unter den Bl\u00fchern finden sich zahlreiche inzwischen sehr seltene Arten.<\/p>\n<h2>Eine der l\u00e4ngsten Rodelbahnen Europas: schlitteln in Berg\u00fcn<\/h2>\n<p>Abenteuer kann man hier auch erleben. Zum Beispiel kann man auf einer der <strong><a href=\"http:\/\/www.berguen-filisur.ch\/\" target=\"_blank\" rel=\"noopener\">l\u00e4ngsten Rodelbahnen Europas<\/a><\/strong> ins neue Jahr rodeln. Wem das nicht genug Abenteuer ist \u2026<\/p>\n<p>Und warum tr\u00e4gt Berg\u00fcn den Beinamen \u201eBahndorf\u201c? Bahnverr\u00fcckte f\u00fcr Lokomotiven und Bahnh\u00f6fe kommen schon lange gern ins Dorf an der Albulalinie zum UNESCO Welterbe geh\u00f6renden <strong><a href=\"http:\/\/www.rhb.ch\/de\/freizeit-ausfluege\/abenteuer-sport\/bahnerlebnisweg-albula\" target=\"_blank\" rel=\"nofollow noopener\">Rh\u00e4tischen Bahn<\/a><\/strong>. Besonders sehenswert: Das <strong><a href=\"http:\/\/www.bahnmuseum-albula.ch\/\" target=\"_blank\" rel=\"nofollow noopener\">Bahnmuseum Albula<\/a><\/strong> f\u00fchrt Eisenbahnfans zur\u00fcck in die Vergangenheit.<\/p>\n<p>\u00dcbrigens: St. Moritz, Chur und Davos sind nicht weit \u2013 einmal Shoppen, Kaffee trinken, ein wenig Bummeln in der gro\u00dfen mond\u00e4nen Welt, ist trotz der Ferien in der Idylle jederzeit m\u00f6glich. 15 Minuten mit dem Auto oder 20 Minuten mit der R\u00e4thischen Bahn und schon sind Sie da.<\/p>\n<p>Wir sind \u00fcberzeugt. \u2013 Sie auch? Dann reservieren Sie jetzt Ihre <a href=\"http:\/\/ferien-berguen.com\/index.php\/wohnungen\/\"><strong>Ferienwohnung in Berg\u00fcn<\/strong><\/a><\/p>\n","protected":false},"excerpt":{"rendered":"<p>Ski fahren direkt vor der T\u00fcr Die Langlaufloipe liegt quasi vor der T\u00fcr, der Hausberg Piz Ela ist fu\u00dfl\u00e4ufig in wenigen Minuten zu erreichen. Oder Sie nehmen die rh\u00e4tische Bahn: Zehn Minuten gehen Sie zum Bahnhof, in 20 Minuten sind Sie in den riesigen Skigebieten von Davos oder Sankt Moritz. Wenn Sie Ihren Urlaub in [&hellip;]<\/p>\n","protected":false},"author":1,"featured_media":42,"parent":0,"menu_order":0,"comment_status":"closed","ping_status":"closed","template":"template-advanced-layout.php","meta":{"pgc_sgb_lightbox_settings":"","footnotes":""},"class_list":["post-57","page","type-page","status-publish","has-post-thumbnail","hentry"],"yoast_head":"<!-- This site is optimized with the Yoast SEO plugin v23.5 - https:\/\/yoast.com\/wordpress\/plugins\/seo\/ -->\n<title>Ort &amp; Umgebung - Ferien Berg\u00fcn<\/title>\n<meta name=\"robots\" content=\"index, follow, max-snippet:-1, max-image-preview:large, max-video-preview:-1\" \/>\n<link rel=\"canonical\" href=\"https:\/\/ferien-berguen.ch\/index.php\/ort-umgebung\/\" \/>\n<meta property=\"og:locale\" content=\"de_DE\" \/>\n<meta property=\"og:type\" content=\"article\" \/>\n<meta property=\"og:title\" content=\"Ort &amp; Umgebung - Ferien Berg\u00fcn\" \/>\n<meta property=\"og:description\" content=\"Ski fahren direkt vor der T\u00fcr Die Langlaufloipe liegt quasi vor der T\u00fcr, der Hausberg Piz Ela ist fu\u00dfl\u00e4ufig in wenigen Minuten zu erreichen. Oder Sie nehmen die rh\u00e4tische Bahn: Zehn Minuten gehen Sie zum Bahnhof, in 20 Minuten sind Sie in den riesigen Skigebieten von Davos oder Sankt Moritz. Wenn Sie Ihren Urlaub in [&hellip;]\" \/>\n<meta property=\"og:url\" content=\"https:\/\/ferien-berguen.ch\/index.php\/ort-umgebung\/\" \/>\n<meta property=\"og:site_name\" content=\"Ferien Berg\u00fcn\" \/>\n<meta property=\"article:modified_time\" content=\"2017-09-11T17:14:38+00:00\" \/>\n<meta property=\"og:image\" content=\"https:\/\/ferien-berguen.ch\/wp-content\/uploads\/2017\/08\/Bravuogn_II.jpg\" \/>\n\t<meta property=\"og:image:width\" content=\"1450\" \/>\n\t<meta property=\"og:image:height\" content=\"736\" \/>\n\t<meta property=\"og:image:type\" content=\"image\/jpeg\" \/>\n<meta name=\"twitter:card\" content=\"summary_large_image\" \/>\n<meta name=\"twitter:label1\" content=\"Gesch\u00e4tzte Lesezeit\" \/>\n\t<meta name=\"twitter:data1\" content=\"2\u00a0Minuten\" \/>\n<script type=\"application\/ld+json\" class=\"yoast-schema-graph\">{\"@context\":\"https:\/\/schema.org\",\"@graph\":[{\"@type\":\"WebPage\",\"@id\":\"https:\/\/ferien-berguen.ch\/index.php\/ort-umgebung\/\",\"url\":\"https:\/\/ferien-berguen.ch\/index.php\/ort-umgebung\/\",\"name\":\"Ort & Umgebung - Ferien Berg\u00fcn\",\"isPartOf\":{\"@id\":\"https:\/\/ferien-berguen.ch\/#website\"},\"primaryImageOfPage\":{\"@id\":\"https:\/\/ferien-berguen.ch\/index.php\/ort-umgebung\/#primaryimage\"},\"image\":{\"@id\":\"https:\/\/ferien-berguen.ch\/index.php\/ort-umgebung\/#primaryimage\"},\"thumbnailUrl\":\"https:\/\/ferien-berguen.ch\/wp-content\/uploads\/2017\/08\/Bravuogn_II.jpg\",\"datePublished\":\"2017-09-06T12:52:36+00:00\",\"dateModified\":\"2017-09-11T17:14:38+00:00\",\"breadcrumb\":{\"@id\":\"https:\/\/ferien-berguen.ch\/index.php\/ort-umgebung\/#breadcrumb\"},\"inLanguage\":\"de\",\"potentialAction\":[{\"@type\":\"ReadAction\",\"target\":[\"https:\/\/ferien-berguen.ch\/index.php\/ort-umgebung\/\"]}]},{\"@type\":\"ImageObject\",\"inLanguage\":\"de\",\"@id\":\"https:\/\/ferien-berguen.ch\/index.php\/ort-umgebung\/#primaryimage\",\"url\":\"https:\/\/ferien-berguen.ch\/wp-content\/uploads\/2017\/08\/Bravuogn_II.jpg\",\"contentUrl\":\"https:\/\/ferien-berguen.ch\/wp-content\/uploads\/2017\/08\/Bravuogn_II.jpg\",\"width\":1450,\"height\":736,\"caption\":\"Bravuogn_II\"},{\"@type\":\"BreadcrumbList\",\"@id\":\"https:\/\/ferien-berguen.ch\/index.php\/ort-umgebung\/#breadcrumb\",\"itemListElement\":[{\"@type\":\"ListItem\",\"position\":1,\"name\":\"Startseite\",\"item\":\"https:\/\/ferien-berguen.ch\/\"},{\"@type\":\"ListItem\",\"position\":2,\"name\":\"Ort &#038; Umgebung\"}]},{\"@type\":\"WebSite\",\"@id\":\"https:\/\/ferien-berguen.ch\/#website\",\"url\":\"https:\/\/ferien-berguen.ch\/\",\"name\":\"Ferien Berg\u00fcn\",\"description\":\"Ferienwohnung in der Schweiz von privat mieten\",\"publisher\":{\"@id\":\"https:\/\/ferien-berguen.ch\/#organization\"},\"potentialAction\":[{\"@type\":\"SearchAction\",\"target\":{\"@type\":\"EntryPoint\",\"urlTemplate\":\"https:\/\/ferien-berguen.ch\/?s={search_term_string}\"},\"query-input\":{\"@type\":\"PropertyValueSpecification\",\"valueRequired\":true,\"valueName\":\"search_term_string\"}}],\"inLanguage\":\"de\"},{\"@type\":\"Organization\",\"@id\":\"https:\/\/ferien-berguen.ch\/#organization\",\"name\":\"Ferien Berg\u00fcn\",\"url\":\"https:\/\/ferien-berguen.ch\/\",\"logo\":{\"@type\":\"ImageObject\",\"inLanguage\":\"de\",\"@id\":\"https:\/\/ferien-berguen.ch\/#\/schema\/logo\/image\/\",\"url\":\"https:\/\/ferien-berguen.ch\/wp-content\/uploads\/2017\/09\/f535cbe0-5bd7-479f-b0c9-c1f174eba5c9.png\",\"contentUrl\":\"https:\/\/ferien-berguen.ch\/wp-content\/uploads\/2017\/09\/f535cbe0-5bd7-479f-b0c9-c1f174eba5c9.png\",\"width\":200,\"height\":200,\"caption\":\"Ferien Berg\u00fcn\"},\"image\":{\"@id\":\"https:\/\/ferien-berguen.ch\/#\/schema\/logo\/image\/\"}}]}<\/script>\n<!-- \/ Yoast SEO plugin. -->","yoast_head_json":{"title":"Ort & Umgebung - Ferien Berg\u00fcn","robots":{"index":"index","follow":"follow","max-snippet":"max-snippet:-1","max-image-preview":"max-image-preview:large","max-video-preview":"max-video-preview:-1"},"canonical":"https:\/\/ferien-berguen.ch\/index.php\/ort-umgebung\/","og_locale":"de_DE","og_type":"article","og_title":"Ort & Umgebung - Ferien Berg\u00fcn","og_description":"Ski fahren direkt vor der T\u00fcr Die Langlaufloipe liegt quasi vor der T\u00fcr, der Hausberg Piz Ela ist fu\u00dfl\u00e4ufig in wenigen Minuten zu erreichen. Oder Sie nehmen die rh\u00e4tische Bahn: Zehn Minuten gehen Sie zum Bahnhof, in 20 Minuten sind Sie in den riesigen Skigebieten von Davos oder Sankt Moritz. Wenn Sie Ihren Urlaub in [&hellip;]","og_url":"https:\/\/ferien-berguen.ch\/index.php\/ort-umgebung\/","og_site_name":"Ferien Berg\u00fcn","article_modified_time":"2017-09-11T17:14:38+00:00","og_image":[{"width":1450,"height":736,"url":"https:\/\/ferien-berguen.ch\/wp-content\/uploads\/2017\/08\/Bravuogn_II.jpg","type":"image\/jpeg"}],"twitter_card":"summary_large_image","twitter_misc":{"Gesch\u00e4tzte Lesezeit":"2\u00a0Minuten"},"schema":{"@context":"https:\/\/schema.org","@graph":[{"@type":"WebPage","@id":"https:\/\/ferien-berguen.ch\/index.php\/ort-umgebung\/","url":"https:\/\/ferien-berguen.ch\/index.php\/ort-umgebung\/","name":"Ort & Umgebung - Ferien Berg\u00fcn","isPartOf":{"@id":"https:\/\/ferien-berguen.ch\/#website"},"primaryImageOfPage":{"@id":"https:\/\/ferien-berguen.ch\/index.php\/ort-umgebung\/#primaryimage"},"image":{"@id":"https:\/\/ferien-berguen.ch\/index.php\/ort-umgebung\/#primaryimage"},"thumbnailUrl":"https:\/\/ferien-berguen.ch\/wp-content\/uploads\/2017\/08\/Bravuogn_II.jpg","datePublished":"2017-09-06T12:52:36+00:00","dateModified":"2017-09-11T17:14:38+00:00","breadcrumb":{"@id":"https:\/\/ferien-berguen.ch\/index.php\/ort-umgebung\/#breadcrumb"},"inLanguage":"de","potentialAction":[{"@type":"ReadAction","target":["https:\/\/ferien-berguen.ch\/index.php\/ort-umgebung\/"]}]},{"@type":"ImageObject","inLanguage":"de","@id":"https:\/\/ferien-berguen.ch\/index.php\/ort-umgebung\/#primaryimage","url":"https:\/\/ferien-berguen.ch\/wp-content\/uploads\/2017\/08\/Bravuogn_II.jpg","contentUrl":"https:\/\/ferien-berguen.ch\/wp-content\/uploads\/2017\/08\/Bravuogn_II.jpg","width":1450,"height":736,"caption":"Bravuogn_II"},{"@type":"BreadcrumbList","@id":"https:\/\/ferien-berguen.ch\/index.php\/ort-umgebung\/#breadcrumb","itemListElement":[{"@type":"ListItem","position":1,"name":"Startseite","item":"https:\/\/ferien-berguen.ch\/"},{"@type":"ListItem","position":2,"name":"Ort &#038; Umgebung"}]},{"@type":"WebSite","@id":"https:\/\/ferien-berguen.ch\/#website","url":"https:\/\/ferien-berguen.ch\/","name":"Ferien Berg\u00fcn","description":"Ferienwohnung in der Schweiz von privat mieten","publisher":{"@id":"https:\/\/ferien-berguen.ch\/#organization"},"potentialAction":[{"@type":"SearchAction","target":{"@type":"EntryPoint","urlTemplate":"https:\/\/ferien-berguen.ch\/?s={search_term_string}"},"query-input":{"@type":"PropertyValueSpecification","valueRequired":true,"valueName":"search_term_string"}}],"inLanguage":"de"},{"@type":"Organization","@id":"https:\/\/ferien-berguen.ch\/#organization","name":"Ferien Berg\u00fcn","url":"https:\/\/ferien-berguen.ch\/","logo":{"@type":"ImageObject","inLanguage":"de","@id":"https:\/\/ferien-berguen.ch\/#\/schema\/logo\/image\/","url":"https:\/\/ferien-berguen.ch\/wp-content\/uploads\/2017\/09\/f535cbe0-5bd7-479f-b0c9-c1f174eba5c9.png","contentUrl":"https:\/\/ferien-berguen.ch\/wp-content\/uploads\/2017\/09\/f535cbe0-5bd7-479f-b0c9-c1f174eba5c9.png","width":200,"height":200,"caption":"Ferien Berg\u00fcn"},"image":{"@id":"https:\/\/ferien-berguen.ch\/#\/schema\/logo\/image\/"}}]}},"_links":{"self":[{"href":"https:\/\/ferien-berguen.ch\/index.php\/wp-json\/wp\/v2\/pages\/57","targetHints":{"allow":["GET"]}}],"collection":[{"href":"https:\/\/ferien-berguen.ch\/index.php\/wp-json\/wp\/v2\/pages"}],"about":[{"href":"https:\/\/ferien-berguen.ch\/index.php\/wp-json\/wp\/v2\/types\/page"}],"author":[{"embeddable":true,"href":"https:\/\/ferien-berguen.ch\/index.php\/wp-json\/wp\/v2\/users\/1"}],"replies":[{"embeddable":true,"href":"https:\/\/ferien-berguen.ch\/index.php\/wp-json\/wp\/v2\/comments?post=57"}],"version-history":[{"count":6,"href":"https:\/\/ferien-berguen.ch\/index.php\/wp-json\/wp\/v2\/pages\/57\/revisions"}],"predecessor-version":[{"id":7838,"href":"https:\/\/ferien-berguen.ch\/index.php\/wp-json\/wp\/v2\/pages\/57\/revisions\/7838"}],"wp:featuredmedia":[{"embeddable":true,"href":"https:\/\/ferien-berguen.ch\/index.php\/wp-json\/wp\/v2\/media\/42"}],"wp:attachment":[{"href":"https:\/\/ferien-berguen.ch\/index.php\/wp-json\/wp\/v2\/media?parent=57"}],"curies":[{"name":"wp","href":"https:\/\/api.w.org\/{rel}","templated":true}]}}